{"id":164,"date":"2020-06-15T07:39:45","date_gmt":"2020-06-15T05:39:45","guid":{"rendered":"https:\/\/canarytransferservices.com\/es\/?page_id=164"},"modified":"2022-03-30T15:47:29","modified_gmt":"2022-03-30T13:47:29","slug":"fuerteventura","status":"publish","type":"page","link":"https:\/\/canarytransferservices.com\/es\/fuerteventura\/","title":{"rendered":"Fuerteventura"},"content":{"rendered":"\t\t<div data-elementor-type=\"wp-page\" data-elementor-id=\"164\" class=\"elementor elementor-164\">\n\t\t\t\t\t\t<section class=\"elementor-section elementor-top-section elementor-element elementor-element-2b055d5 elementor-section-full_width elementor-section-height-default elementor-section-height-default\" data-id=\"2b055d5\" data-element_type=\"section\" data-e-type=\"section\">\n\t\t\t\t\t\t<div class=\"elementor-container elementor-column-gap-default\">\n\t\t\t\t\t<div class=\"elementor-column elementor-col-100 elementor-top-column elementor-element elementor-element-a98c8df\" data-id=\"a98c8df\" data-element_type=\"column\" data-e-type=\"column\">\n\t\t\t<div class=\"elementor-widget-wrap elementor-element-populated\">\n\t\t\t\t\t\t<div class=\"elementor-element elementor-element-666fa4f elementor-widget elementor-widget-bdt-revolution-slider\" data-id=\"666fa4f\" data-element_type=\"widget\" data-e-type=\"widget\" data-widget_type=\"bdt-revolution-slider.default\">\n\t\t\t\t<div class=\"elementor-widget-container\">\n\t\t\t\t\t\n\t\t\t<!-- START Fuerteventura REVOLUTION SLIDER 6.7.34 --><p class=\"rs-p-wp-fix\"><\/p>\n\t\t\t<rs-module-wrap id=\"rev_slider_2_1_wrapper\" data-source=\"gallery\" style=\"visibility:hidden;background:#000000;padding:0;\">\n\t\t\t\t<rs-module id=\"rev_slider_2_1\" style=\"\" data-version=\"6.7.34\">\n\t\t\t\t\t<rs-slides style=\"overflow: hidden; position: absolute;\">\n\t\t\t\t\t\t<rs-slide style=\"position: absolute;\" data-key=\"rs-7\" data-title=\"Renewed The7\" data-duration=\"8000\" data-anim=\"adpr:false;\">\n\t\t\t\t\t\t\t<img decoding=\"async\" src=\"\/\/canarytransferservices.com\/es\/wp-content\/plugins\/revslider\/sr6\/assets\/assets\/dummy.png\" alt=\"\" title=\"Fuerteventura\" class=\"rev-slidebg tp-rs-img rs-lazyload\" data-lazyload=\"\/\/canarytransferservices.com\/en\/wp-content\/uploads\/sites\/8\/revslider\/Fuerteventura1\/water-3742612_1920.jpg\" data-panzoom=\"d:70000;ss:125;se:100;\" data-no-retina>\n<!--\n\t\t\t\t\t\t\t--><rs-layer\n\t\t\t\t\t\t\t\tid=\"slider-2-slide-7-layer-11\" \n\t\t\t\t\t\t\t\tdata-type=\"image\"\n\t\t\t\t\t\t\t\tdata-rsp_ch=\"on\"\n\t\t\t\t\t\t\t\tdata-xy=\"x:c;xo:710px;y:m;yo:21px;\"\n\t\t\t\t\t\t\t\tdata-text=\"l:22;\"\n\t\t\t\t\t\t\t\tdata-dim=\"w:[&#039;1614px&#039;,&#039;1614px&#039;,&#039;1614px&#039;,&#039;1614px&#039;];h:[&#039;1097px&#039;,&#039;1097px&#039;,&#039;1097px&#039;,&#039;1097px&#039;];\"\n\t\t\t\t\t\t\t\tdata-frame_0=\"x:-1400px;tp:600;\"\n\t\t\t\t\t\t\t\tdata-frame_1=\"o:0.4;tp:600;e:none;st:-62000;sp:70000;sR:-62000;\"\n\t\t\t\t\t\t\t\tdata-frame_999=\"o:0;tp:600;e:nothing;st:w;\"\n\t\t\t\t\t\t\t\tstyle=\"z-index:6;\"\n\t\t\t\t\t\t\t><img decoding=\"async\" src=\"\/\/canarytransferservices.com\/es\/wp-content\/plugins\/revslider\/sr6\/assets\/assets\/dummy.png\" alt=\"\" class=\"tp-rs-img rs-lazyload\" data-lazyload=\"\/\/canarytransferservices.com\/en\/wp-content\/uploads\/sites\/8\/revslider\/Fuerteventura1\/cl-03.png\" data-no-retina> \n\t\t\t\t\t\t\t<\/rs-layer><!--\n\n\t\t\t\t\t\t\t--><rs-layer\n\t\t\t\t\t\t\t\tid=\"slider-2-slide-7-layer-13\" \n\t\t\t\t\t\t\t\tdata-type=\"image\"\n\t\t\t\t\t\t\t\tdata-rsp_ch=\"on\"\n\t\t\t\t\t\t\t\tdata-xy=\"x:c;xo:-1023px;y:m;yo:527px;\"\n\t\t\t\t\t\t\t\tdata-text=\"l:22;\"\n\t\t\t\t\t\t\t\tdata-dim=\"w:[&#039;1614px&#039;,&#039;1614px&#039;,&#039;1614px&#039;,&#039;1614px&#039;];h:[&#039;1097px&#039;,&#039;1097px&#039;,&#039;1097px&#039;,&#039;1097px&#039;];\"\n\t\t\t\t\t\t\t\tdata-frame_0=\"x:-1200px;o:1;tp:600;\"\n\t\t\t\t\t\t\t\tdata-frame_1=\"o:0.4;tp:600;e:none;st:-62000;sp:70000;sR:-62000;\"\n\t\t\t\t\t\t\t\tdata-frame_999=\"o:0;tp:600;e:nothing;st:w;\"\n\t\t\t\t\t\t\t\tstyle=\"z-index:8;\"\n\t\t\t\t\t\t\t><img decoding=\"async\" src=\"\/\/canarytransferservices.com\/es\/wp-content\/plugins\/revslider\/sr6\/assets\/assets\/dummy.png\" alt=\"\" class=\"tp-rs-img rs-lazyload\" data-lazyload=\"\/\/canarytransferservices.com\/en\/wp-content\/uploads\/sites\/8\/revslider\/Fuerteventura1\/cl-03.png\" data-no-retina> \n\t\t\t\t\t\t\t<\/rs-layer><!--\n\n\t\t\t\t\t\t\t--><rs-layer\n\t\t\t\t\t\t\t\tid=\"slider-2-slide-7-layer-2\" \n\t\t\t\t\t\t\t\tclass=\"dreamtheme_fullscreen_title_large\"\n\t\t\t\t\t\t\t\tdata-type=\"text\"\n\t\t\t\t\t\t\t\tdata-color=\"#d7ae1e||rgba(255, 255, 255, 1)||rgba(255, 255, 255, 1)||rgba(255, 255, 255, 1)\"\n\t\t\t\t\t\t\t\tdata-rsp_ch=\"on\"\n\t\t\t\t\t\t\t\tdata-xy=\"x:c;y:m;yo:40px;\"\n\t\t\t\t\t\t\t\tdata-text=\"w:nowrap,nowrap,normal,normal;s:100,100,86,86;l:110,110,90,90;ls:-3px,0,0,-3px;fw:700;a:center;\"\n\t\t\t\t\t\t\t\tdata-dim=\"w:auto,auto,600px,600px;\"\n\t\t\t\t\t\t\t\tdata-frame_0=\"o:1;tp:600;\"\n\t\t\t\t\t\t\t\tdata-frame_0_chars=\"d:4;o:0;\"\n\t\t\t\t\t\t\t\tdata-frame_1=\"tp:600;e:easeInCirc;st:1000;sp:1150;sR:1000;\"\n\t\t\t\t\t\t\t\tdata-frame_1_chars=\"d:4;\"\n\t\t\t\t\t\t\t\tdata-frame_999=\"o:0;tp:600;e:none;st:w;sR:5370;\"\n\t\t\t\t\t\t\t\tstyle=\"z-index:10;font-family:'Roboto Slab';\"\n\t\t\t\t\t\t\t>Fuerteventura \n\t\t\t\t\t\t\t<\/rs-layer><!--\n\n\t\t\t\t\t\t\t--><rs-layer\n\t\t\t\t\t\t\t\tid=\"slider-2-slide-7-layer-1\" \n\t\t\t\t\t\t\t\tclass=\"dreamtheme_fullscreen_caption_large\"\n\t\t\t\t\t\t\t\tdata-type=\"text\"\n\t\t\t\t\t\t\t\tdata-color=\"rgba(255, 255, 255, 1)\"\n\t\t\t\t\t\t\t\tdata-rsp_ch=\"on\"\n\t\t\t\t\t\t\t\tdata-xy=\"x:c;y:m;yo:140px,140px,175px,175px;\"\n\t\t\t\t\t\t\t\tdata-text=\"s:56,56,50,50;l:66,66,60,60;ls:-1px,0,0,-1px;fw:400,300,300,300;\"\n\t\t\t\t\t\t\t\tdata-frame_0=\"o:1;tp:600;\"\n\t\t\t\t\t\t\t\tdata-frame_0_chars=\"d:4;o:0;\"\n\t\t\t\t\t\t\t\tdata-frame_1=\"tp:600;e:easeInCirc;st:1380;sp:1000;sR:1380;\"\n\t\t\t\t\t\t\t\tdata-frame_1_chars=\"d:4;\"\n\t\t\t\t\t\t\t\tdata-frame_999=\"o:0;tp:600;e:none;st:w;sR:4780;\"\n\t\t\t\t\t\t\t\tstyle=\"z-index:11;font-family:'Roboto';\"\n\t\t\t\t\t\t\t>Canary Transfer Services \n\t\t\t\t\t\t\t<\/rs-layer><!--\n\n\t\t\t\t\t\t\t--><rs-layer\n\t\t\t\t\t\t\t\tid=\"slider-2-slide-7-layer-17\" \n\t\t\t\t\t\t\t\tclass=\"rs-svg\"\n\t\t\t\t\t\t\t\tdata-type=\"svg\"\n\t\t\t\t\t\t\t\tdata-rsp_ch=\"on\"\n\t\t\t\t\t\t\t\tdata-xy=\"x:c;y:b;yo:6px;\"\n\t\t\t\t\t\t\t\tdata-text=\"fw:700;a:inherit;\"\n\t\t\t\t\t\t\t\tdata-dim=\"w:75px;h:75px;\"\n\t\t\t\t\t\t\t\tdata-svg_src=\"\/\/canarytransferservices.com\/en\/wp-content\/plugins\/revslider\/public\/assets\/assets\/svg\/navigation\/ic_arrow_drop_down_24px.svg\"\n\t\t\t\t\t\t\t\tdata-basealign=\"slide\"\n\t\t\t\t\t\t\t\tdata-frame_0=\"y:-50px;tp:600;\"\n\t\t\t\t\t\t\t\tdata-frame_1=\"o:0.25;tp:600;st:2200;sp:1500;sR:2200;\"\n\t\t\t\t\t\t\t\tdata-frame_999=\"o:0;tp:600;st:w;sR:4300;\"\n\t\t\t\t\t\t\t\tdata-loop_0=\"y:-10;\"\n\t\t\t\t\t\t\t\tdata-loop_999=\"sp:3000;yym:t;yys:t;yyf:t;\"\n\t\t\t\t\t\t\t\tstyle=\"z-index:12;font-family:'';\"\n\t\t\t\t\t\t\t> \n\t\t\t\t\t\t\t<\/rs-layer><!--\n\n\t\t\t\t\t\t\t--><rs-layer\n\t\t\t\t\t\t\t\tid=\"slider-2-slide-7-layer-16\" \n\t\t\t\t\t\t\t\tclass=\"rs-svg\"\n\t\t\t\t\t\t\t\tdata-type=\"svg\"\n\t\t\t\t\t\t\t\tdata-rsp_ch=\"on\"\n\t\t\t\t\t\t\t\tdata-xy=\"x:c;y:b;yo:18px;\"\n\t\t\t\t\t\t\t\tdata-text=\"fw:700;a:inherit;\"\n\t\t\t\t\t\t\t\tdata-dim=\"w:75px;h:75px;\"\n\t\t\t\t\t\t\t\tdata-svg_src=\"\/\/canarytransferservices.com\/en\/wp-content\/plugins\/revslider\/public\/assets\/assets\/svg\/navigation\/ic_arrow_drop_down_24px.svg\"\n\t\t\t\t\t\t\t\tdata-basealign=\"slide\"\n\t\t\t\t\t\t\t\tdata-frame_0=\"y:-50px;tp:600;\"\n\t\t\t\t\t\t\t\tdata-frame_1=\"o:0.5;tp:600;st:2350;sp:1500;sR:2350;\"\n\t\t\t\t\t\t\t\tdata-frame_999=\"o:0;tp:600;st:w;sR:4150;\"\n\t\t\t\t\t\t\t\tdata-loop_0=\"y:-10;\"\n\t\t\t\t\t\t\t\tdata-loop_999=\"sp:3000;yym:t;yys:t;yyf:t;\"\n\t\t\t\t\t\t\t\tstyle=\"z-index:13;font-family:'';\"\n\t\t\t\t\t\t\t> \n\t\t\t\t\t\t\t<\/rs-layer><!--\n\n\t\t\t\t\t\t\t--><rs-layer\n\t\t\t\t\t\t\t\tid=\"slider-2-slide-7-layer-15\" \n\t\t\t\t\t\t\t\tclass=\"rs-svg\"\n\t\t\t\t\t\t\t\tdata-type=\"svg\"\n\t\t\t\t\t\t\t\tdata-rsp_ch=\"on\"\n\t\t\t\t\t\t\t\tdata-xy=\"x:c;y:b;yo:30px;\"\n\t\t\t\t\t\t\t\tdata-text=\"fw:700;a:inherit;\"\n\t\t\t\t\t\t\t\tdata-dim=\"w:75px;h:75px;\"\n\t\t\t\t\t\t\t\tdata-svg_src=\"\/\/canarytransferservices.com\/en\/wp-content\/plugins\/revslider\/public\/assets\/assets\/svg\/navigation\/ic_arrow_drop_down_24px.svg\"\n\t\t\t\t\t\t\t\tdata-basealign=\"slide\"\n\t\t\t\t\t\t\t\tdata-frame_0=\"y:-50px;tp:600;\"\n\t\t\t\t\t\t\t\tdata-frame_1=\"tp:600;st:2500;sp:1500;sR:2500;\"\n\t\t\t\t\t\t\t\tdata-frame_999=\"o:0;tp:600;st:w;sR:4000;\"\n\t\t\t\t\t\t\t\tdata-loop_0=\"y:-10;\"\n\t\t\t\t\t\t\t\tdata-loop_999=\"sp:3000;yym:t;yys:t;yyf:t;\"\n\t\t\t\t\t\t\t\tstyle=\"z-index:14;font-family:'';\"\n\t\t\t\t\t\t\t> \n\t\t\t\t\t\t\t<\/rs-layer><!--\n-->\t\t\t\t\t<\/rs-slide>\n\t\t\t\t\t<\/rs-slides>\n\t\t\t\t<\/rs-module>\n\t\t\t\t<script>\n\t\t\t\t\tsetREVStartSize({c: 'rev_slider_2_1',rl:[1240,1024,778,778],el:[],gw:[1260,1260,700,700],gh:[700,650,700,700],type:'hero',justify:'',layout:'fullscreen',offsetContainer:'',offset:'',mh:\"0\"});if (window.RS_MODULES!==undefined && window.RS_MODULES.modules!==undefined && window.RS_MODULES.modules[\"revslider21\"]!==undefined) {window.RS_MODULES.modules[\"revslider21\"].once = false;window.revapi2 = undefined;if (window.RS_MODULES.checkMinimal!==undefined) window.RS_MODULES.checkMinimal()}\n\t\t\t\t<\/script>\n\t\t\t<\/rs-module-wrap>\n\t\t\t<!-- END REVOLUTION SLIDER -->\n\t\t\t\t<\/div>\n\t\t\t\t<\/div>\n\t\t\t\t\t<\/div>\n\t\t<\/div>\n\t\t\t\t\t<\/div>\n\t\t<\/section>\n\t\t\t\t<section class=\"elementor-section elementor-top-section elementor-element elementor-element-f411fc1 elementor-section-boxed elementor-section-height-default elementor-section-height-default\" data-id=\"f411fc1\" data-element_type=\"section\" data-e-type=\"section\" data-settings=\"{&quot;background_background&quot;:&quot;classic&quot;}\">\n\t\t\t\t\t\t<div class=\"elementor-container elementor-column-gap-default\">\n\t\t\t\t\t<div class=\"elementor-column elementor-col-100 elementor-top-column elementor-element elementor-element-9d466d1\" data-id=\"9d466d1\" data-element_type=\"column\" data-e-type=\"column\">\n\t\t\t<div class=\"elementor-widget-wrap elementor-element-populated\">\n\t\t\t\t\t\t<section class=\"elementor-section elementor-inner-section elementor-element elementor-element-2be14b3 elementor-section-boxed elementor-section-height-default elementor-section-height-default\" data-id=\"2be14b3\" data-element_type=\"section\" data-e-type=\"section\">\n\t\t\t\t\t\t<div class=\"elementor-container elementor-column-gap-wider\">\n\t\t\t\t\t<div class=\"elementor-column elementor-col-50 elementor-inner-column elementor-element elementor-element-48e024a\" data-id=\"48e024a\" data-element_type=\"column\" data-e-type=\"column\">\n\t\t\t<div class=\"elementor-widget-wrap elementor-element-populated\">\n\t\t\t\t\t\t<div class=\"elementor-element elementor-element-03eb85d elementor-widget elementor-widget-image\" data-id=\"03eb85d\" data-element_type=\"widget\" data-e-type=\"widget\" data-widget_type=\"image.default\">\n\t\t\t\t<div class=\"elementor-widget-container\">\n\t\t\t\t\t\t\t\t\t\t\t\t\t\t\t<img fetchpriority=\"high\" decoding=\"async\" width=\"640\" height=\"427\" src=\"https:\/\/canarytransferservices.com\/es\/wp-content\/uploads\/sites\/11\/2020\/06\/windmill-1456280.jpg\" class=\"attachment-large size-large wp-image-167\" alt=\"\" srcset=\"https:\/\/canarytransferservices.com\/es\/wp-content\/uploads\/sites\/11\/2020\/06\/windmill-1456280.jpg 640w, https:\/\/canarytransferservices.com\/es\/wp-content\/uploads\/sites\/11\/2020\/06\/windmill-1456280-300x200.jpg 300w\" sizes=\"(max-width: 640px) 100vw, 640px\" \/>\t\t\t\t\t\t\t\t\t\t\t\t\t\t\t<\/div>\n\t\t\t\t<\/div>\n\t\t\t\t\t<\/div>\n\t\t<\/div>\n\t\t\t\t<div class=\"elementor-column elementor-col-50 elementor-inner-column elementor-element elementor-element-13f9482\" data-id=\"13f9482\" data-element_type=\"column\" data-e-type=\"column\" data-settings=\"{&quot;background_background&quot;:&quot;classic&quot;}\">\n\t\t\t<div class=\"elementor-widget-wrap elementor-element-populated\">\n\t\t\t\t\t\t<div class=\"elementor-element elementor-element-dfbf3a1 elementor-widget elementor-widget-text-editor\" data-id=\"dfbf3a1\" data-element_type=\"widget\" data-e-type=\"widget\" data-widget_type=\"text-editor.default\">\n\t\t\t\t<div class=\"elementor-widget-container\">\n\t\t\t\t\t\t\t\t\t<p>Fuerteventura es mucho m\u00e1s que sus playas interminables.<br \/>Fuerteventura tiene m\u00e1s de 150 km de playas en las que el sol y la brisa del mar te har\u00e1n sentir como en el para\u00edso. Junto con sus espectaculares paisajes volc\u00e1nicos, ha sido declarada Reserva de la Biosfera. Es un para\u00edso para el buceo y el esn\u00f3rquel, el windsurf, el kite surf, el paddle surf o el ciclismo y el senderismo, el senderismo. La isla respira un ambiente \u00fanico para practicar yoga. Descubre el impresionante paisaje \u00fanico de Fuerteventura y la gastronom\u00eda de sus pueblos. El aeropuerto de Fuerteventura se encuentra en la costa este de la isla.<\/p>\t\t\t\t\t\t\t\t<\/div>\n\t\t\t\t<\/div>\n\t\t\t\t\t<\/div>\n\t\t<\/div>\n\t\t\t\t\t<\/div>\n\t\t<\/section>\n\t\t\t\t<div class=\"elementor-element elementor-element-888a5c9 elementor-arrows-position-outside elementor-widget elementor-widget-image-carousel\" data-id=\"888a5c9\" data-element_type=\"widget\" data-e-type=\"widget\" data-settings=\"{&quot;slides_to_show&quot;:&quot;6&quot;,&quot;navigation&quot;:&quot;arrows&quot;,&quot;image_spacing_custom&quot;:{&quot;unit&quot;:&quot;px&quot;,&quot;size&quot;:0,&quot;sizes&quot;:[]},&quot;autoplay&quot;:&quot;yes&quot;,&quot;pause_on_hover&quot;:&quot;yes&quot;,&quot;pause_on_interaction&quot;:&quot;yes&quot;,&quot;autoplay_speed&quot;:5000,&quot;infinite&quot;:&quot;yes&quot;,&quot;speed&quot;:500,&quot;image_spacing_custom_tablet&quot;:{&quot;unit&quot;:&quot;px&quot;,&quot;size&quot;:&quot;&quot;,&quot;sizes&quot;:[]},&quot;image_spacing_custom_mobile&quot;:{&quot;unit&quot;:&quot;px&quot;,&quot;size&quot;:&quot;&quot;,&quot;sizes&quot;:[]}}\" data-widget_type=\"image-carousel.default\">\n\t\t\t\t<div class=\"elementor-widget-container\">\n\t\t\t\t\t\t\t<div class=\"elementor-image-carousel-wrapper swiper\" role=\"region\" aria-roledescription=\"carousel\" aria-label=\"Image Carousel\" dir=\"ltr\">\n\t\t\t<div class=\"elementor-image-carousel swiper-wrapper\" aria-live=\"off\">\n\t\t\t\t\t\t\t\t<div class=\"swiper-slide\" role=\"group\" aria-roledescription=\"slide\" aria-label=\"1 of 6\"><a data-elementor-open-lightbox=\"yes\" data-elementor-lightbox-slideshow=\"888a5c9\" data-elementor-lightbox-title=\"FuerteventuraAirport\" data-e-action-hash=\"#elementor-action%3Aaction%3Dlightbox%26settings%3DeyJpZCI6MTY4LCJ1cmwiOiJodHRwczpcL1wvY2FuYXJ5dHJhbnNmZXJzZXJ2aWNlcy5jb21cL2VzXC93cC1jb250ZW50XC91cGxvYWRzXC9zaXRlc1wvMTFcLzIwMjBcLzA2XC9GdWVydGV2ZW50dXJhQWlycG9ydC5qcGciLCJzbGlkZXNob3ciOiI4ODhhNWM5In0%3D\" href=\"https:\/\/canarytransferservices.com\/es\/wp-content\/uploads\/sites\/11\/2020\/06\/FuerteventuraAirport.jpg\"><figure class=\"swiper-slide-inner\"><img decoding=\"async\" class=\"swiper-slide-image\" src=\"https:\/\/canarytransferservices.com\/es\/wp-content\/uploads\/sites\/11\/elementor\/thumbs\/FuerteventuraAirport-p4qfxdogd7vm8b58chb5llv5tck1e9mwznj3wlvxhs.jpg\" alt=\"FuerteventuraAirport\" \/><\/figure><\/a><\/div><div class=\"swiper-slide\" role=\"group\" aria-roledescription=\"slide\" aria-label=\"2 of 6\"><a data-elementor-open-lightbox=\"yes\" data-elementor-lightbox-slideshow=\"888a5c9\" data-elementor-lightbox-title=\"windmill-1456280\" data-e-action-hash=\"#elementor-action%3Aaction%3Dlightbox%26settings%3DeyJpZCI6MTY3LCJ1cmwiOiJodHRwczpcL1wvY2FuYXJ5dHJhbnNmZXJzZXJ2aWNlcy5jb21cL2VzXC93cC1jb250ZW50XC91cGxvYWRzXC9zaXRlc1wvMTFcLzIwMjBcLzA2XC93aW5kbWlsbC0xNDU2MjgwLmpwZyIsInNsaWRlc2hvdyI6Ijg4OGE1YzkifQ%3D%3D\" href=\"https:\/\/canarytransferservices.com\/es\/wp-content\/uploads\/sites\/11\/2020\/06\/windmill-1456280.jpg\"><figure class=\"swiper-slide-inner\"><img decoding=\"async\" class=\"swiper-slide-image\" src=\"https:\/\/canarytransferservices.com\/es\/wp-content\/uploads\/sites\/11\/elementor\/thumbs\/windmill-1456280-p4qfxdogd7vm8b58chb5llv5tck1e9mwznj3wlvxhs.jpg\" alt=\"windmill-1456280\" \/><\/figure><\/a><\/div><div class=\"swiper-slide\" role=\"group\" aria-roledescription=\"slide\" aria-label=\"3 of 6\"><a data-elementor-open-lightbox=\"yes\" data-elementor-lightbox-slideshow=\"888a5c9\" data-elementor-lightbox-title=\"water-3742612\" data-e-action-hash=\"#elementor-action%3Aaction%3Dlightbox%26settings%3DeyJpZCI6MTcwLCJ1cmwiOiJodHRwczpcL1wvY2FuYXJ5dHJhbnNmZXJzZXJ2aWNlcy5jb21cL2VzXC93cC1jb250ZW50XC91cGxvYWRzXC9zaXRlc1wvMTFcLzIwMjBcLzA2XC93YXRlci0zNzQyNjEyLmpwZyIsInNsaWRlc2hvdyI6Ijg4OGE1YzkifQ%3D%3D\" href=\"https:\/\/canarytransferservices.com\/es\/wp-content\/uploads\/sites\/11\/2020\/06\/water-3742612.jpg\"><figure class=\"swiper-slide-inner\"><img decoding=\"async\" class=\"swiper-slide-image\" src=\"https:\/\/canarytransferservices.com\/es\/wp-content\/uploads\/sites\/11\/elementor\/thumbs\/water-3742612-p4qfxdogd7vm8b58chb5llv5tck1e9mwznj3wlvxhs.jpg\" alt=\"water-3742612\" \/><\/figure><\/a><\/div><div class=\"swiper-slide\" role=\"group\" aria-roledescription=\"slide\" aria-label=\"4 of 6\"><a data-elementor-open-lightbox=\"yes\" data-elementor-lightbox-slideshow=\"888a5c9\" data-elementor-lightbox-title=\"volcano-2841934_1920\" data-e-action-hash=\"#elementor-action%3Aaction%3Dlightbox%26settings%3DeyJpZCI6MTcxLCJ1cmwiOiJodHRwczpcL1wvY2FuYXJ5dHJhbnNmZXJzZXJ2aWNlcy5jb21cL2VzXC93cC1jb250ZW50XC91cGxvYWRzXC9zaXRlc1wvMTFcLzIwMjBcLzA2XC92b2xjYW5vLTI4NDE5MzRfMTkyMC5qcGciLCJzbGlkZXNob3ciOiI4ODhhNWM5In0%3D\" href=\"https:\/\/canarytransferservices.com\/es\/wp-content\/uploads\/sites\/11\/2020\/06\/volcano-2841934_1920.jpg\"><figure class=\"swiper-slide-inner\"><img decoding=\"async\" class=\"swiper-slide-image\" src=\"https:\/\/canarytransferservices.com\/es\/wp-content\/uploads\/sites\/11\/elementor\/thumbs\/volcano-2841934_1920-p4qfxdogd7vm8b58chb5llv5tck1e9mwznj3wlvxhs.jpg\" alt=\"volcano-2841934_1920\" \/><\/figure><\/a><\/div><div class=\"swiper-slide\" role=\"group\" aria-roledescription=\"slide\" aria-label=\"5 of 6\"><a data-elementor-open-lightbox=\"yes\" data-elementor-lightbox-slideshow=\"888a5c9\" data-elementor-lightbox-title=\"tajinaste-rojo-1567723\" data-e-action-hash=\"#elementor-action%3Aaction%3Dlightbox%26settings%3DeyJpZCI6MTcyLCJ1cmwiOiJodHRwczpcL1wvY2FuYXJ5dHJhbnNmZXJzZXJ2aWNlcy5jb21cL2VzXC93cC1jb250ZW50XC91cGxvYWRzXC9zaXRlc1wvMTFcLzIwMjBcLzA2XC90YWppbmFzdGUtcm9qby0xNTY3NzIzLmpwZyIsInNsaWRlc2hvdyI6Ijg4OGE1YzkifQ%3D%3D\" href=\"https:\/\/canarytransferservices.com\/es\/wp-content\/uploads\/sites\/11\/2020\/06\/tajinaste-rojo-1567723.jpg\"><figure class=\"swiper-slide-inner\"><img decoding=\"async\" class=\"swiper-slide-image\" src=\"https:\/\/canarytransferservices.com\/es\/wp-content\/uploads\/sites\/11\/elementor\/thumbs\/tajinaste-rojo-1567723-p4qfxdogd7vm8b58chb5llv5tck1e9mwznj3wlvxhs.jpg\" alt=\"tajinaste-rojo-1567723\" \/><\/figure><\/a><\/div><div class=\"swiper-slide\" role=\"group\" aria-roledescription=\"slide\" aria-label=\"6 of 6\"><a data-elementor-open-lightbox=\"yes\" data-elementor-lightbox-slideshow=\"888a5c9\" data-elementor-lightbox-title=\"surfing-2697699\" data-e-action-hash=\"#elementor-action%3Aaction%3Dlightbox%26settings%3DeyJpZCI6MTczLCJ1cmwiOiJodHRwczpcL1wvY2FuYXJ5dHJhbnNmZXJzZXJ2aWNlcy5jb21cL2VzXC93cC1jb250ZW50XC91cGxvYWRzXC9zaXRlc1wvMTFcLzIwMjBcLzA2XC9zdXJmaW5nLTI2OTc2OTkuanBnIiwic2xpZGVzaG93IjoiODg4YTVjOSJ9\" href=\"https:\/\/canarytransferservices.com\/es\/wp-content\/uploads\/sites\/11\/2020\/06\/surfing-2697699.jpg\"><figure class=\"swiper-slide-inner\"><img decoding=\"async\" class=\"swiper-slide-image\" src=\"https:\/\/canarytransferservices.com\/es\/wp-content\/uploads\/sites\/11\/elementor\/thumbs\/surfing-2697699-p4qfxdogd7vm8b58chb5llv5tck1e9mwznj3wlvxhs.jpg\" alt=\"surfing-2697699\" \/><\/figure><\/a><\/div>\t\t\t<\/div>\n\t\t\t\t\t\t\t\t\t\t\t\t<div class=\"elementor-swiper-button elementor-swiper-button-prev\" role=\"button\" tabindex=\"0\">\n\t\t\t\t\t\t<i aria-hidden=\"true\" class=\"eicon-chevron-left\"><\/i>\t\t\t\t\t<\/div>\n\t\t\t\t\t<div class=\"elementor-swiper-button elementor-swiper-button-next\" role=\"button\" tabindex=\"0\">\n\t\t\t\t\t\t<i aria-hidden=\"true\" class=\"eicon-chevron-right\"><\/i>\t\t\t\t\t<\/div>\n\t\t\t\t\n\t\t\t\t\t\t\t\t\t<\/div>\n\t\t\t\t\t\t<\/div>\n\t\t\t\t<\/div>\n\t\t\t\t\t<\/div>\n\t\t<\/div>\n\t\t\t\t\t<\/div>\n\t\t<\/section>\n\t\t\t\t<section class=\"elementor-section elementor-top-section elementor-element elementor-element-2d0397b elementor-section-full_width elementor-section-height-default elementor-section-height-default\" data-id=\"2d0397b\" data-element_type=\"section\" data-e-type=\"section\">\n\t\t\t\t\t\t<div class=\"elementor-container elementor-column-gap-default\">\n\t\t\t\t\t<div class=\"elementor-column elementor-col-33 elementor-top-column elementor-element elementor-element-8660a55\" data-id=\"8660a55\" data-element_type=\"column\" data-e-type=\"column\">\n\t\t\t<div class=\"elementor-widget-wrap\">\n\t\t\t\t\t\t\t<\/div>\n\t\t<\/div>\n\t\t\t\t<div class=\"elementor-column elementor-col-33 elementor-top-column elementor-element elementor-element-f45420d\" data-id=\"f45420d\" data-element_type=\"column\" data-e-type=\"column\">\n\t\t\t<div class=\"elementor-widget-wrap\">\n\t\t\t\t\t\t\t<\/div>\n\t\t<\/div>\n\t\t\t\t<div class=\"elementor-column elementor-col-33 elementor-top-column elementor-element elementor-element-a341efe\" data-id=\"a341efe\" data-element_type=\"column\" data-e-type=\"column\">\n\t\t\t<div class=\"elementor-widget-wrap\">\n\t\t\t\t\t\t\t<\/div>\n\t\t<\/div>\n\t\t\t\t\t<\/div>\n\t\t<\/section>\n\t\t\t\t<\/div>\n\t\t","protected":false},"excerpt":{"rendered":"<p>Fuerteventura es mucho m\u00e1s que sus playas interminables.Fuerteventura tiene m\u00e1s de 150 km de playas en las que el sol y la brisa del mar te har\u00e1n sentir como en el para\u00edso. Junto con sus espectaculares paisajes volc\u00e1nicos, ha sido declarada Reserva de la Biosfera. Es un para\u00edso para el buceo y el esn\u00f3rquel, el [&hellip;]<\/p>\n","protected":false},"author":7,"featured_media":0,"parent":0,"menu_order":0,"comment_status":"closed","ping_status":"closed","template":"elementor_header_footer","meta":{"_acf_changed":false,"footnotes":""},"class_list":["post-164","page","type-page","status-publish","hentry"],"acf":[],"_links":{"self":[{"href":"https:\/\/canarytransferservices.com\/es\/wp-json\/wp\/v2\/pages\/164","targetHints":{"allow":["GET"]}}],"collection":[{"href":"https:\/\/canarytransferservices.com\/es\/wp-json\/wp\/v2\/pages"}],"about":[{"href":"https:\/\/canarytransferservices.com\/es\/wp-json\/wp\/v2\/types\/page"}],"author":[{"embeddable":true,"href":"https:\/\/canarytransferservices.com\/es\/wp-json\/wp\/v2\/users\/7"}],"replies":[{"embeddable":true,"href":"https:\/\/canarytransferservices.com\/es\/wp-json\/wp\/v2\/comments?post=164"}],"version-history":[{"count":17,"href":"https:\/\/canarytransferservices.com\/es\/wp-json\/wp\/v2\/pages\/164\/revisions"}],"predecessor-version":[{"id":362,"href":"https:\/\/canarytransferservices.com\/es\/wp-json\/wp\/v2\/pages\/164\/revisions\/362"}],"wp:attachment":[{"href":"https:\/\/canarytransferservices.com\/es\/wp-json\/wp\/v2\/media?parent=164"}],"curies":[{"name":"wp","href":"https:\/\/api.w.org\/{rel}","templated":true}]}}